{"id":85,"date":"2022-02-14T15:11:34","date_gmt":"2022-02-14T15:11:34","guid":{"rendered":"http:\/\/letra2.colegiolossamanes.edu.co\/?page_id=85"},"modified":"2025-10-27T20:23:26","modified_gmt":"2025-10-27T20:23:26","slug":"editorial-2022","status":"publish","type":"page","link":"https:\/\/letra2.colegiolossamanes.edu.co\/index.php\/editorial-2022\/","title":{"rendered":"<strong>EDITORIAL Letra2<\/strong>"},"content":{"rendered":"\n<p>EDICI\u00d3N N\u00b0 1,<\/p>\n\n\n\n<p>La escritura y la lectura son actividades que traen grandes beneficios para el desarrollo personal, emocional y profesional. Leer es abrir una puerta hacia el avance en el pensamiento cr\u00edtico, pues al ser un lector activo se generan reflexiones y nuevos conocimientos que fortalecen las competencias en el an\u00e1lisis y la comprensi\u00f3n de la realidad.<\/p>\n\n\n\n<p>La escritura, por su parte, ofrece la posibilidad de expresar ideas, sentimientos y pensamientos que, no solamente mejoran la comunicaci\u00f3n y el discurso, sino que ofrecen herramientas indiscutibles para poner en juego la capacidad creadora, a trav\u00e9s de los g\u00e9neros literarios, pero tambi\u00e9n de otras formas de arte. Si bien, leer es abrir una puerta hacia el avance en el pensamiento cr\u00edtico, pues al ser un lector activo se generan reflexiones y nuevos conocimientos que fortalecen las competencias en el an\u00e1lisis y la comprensi\u00f3n de la realidad; escribir permite verbalizar el pensamiento desde la intimidad de los sentimientos, pero tambi\u00e9n desde la subjetividad frente a realidades circundantes, y vivencias que, al ser transformadas en palabras y s\u00edmbolos, se convierte en una herramienta poderosa, que hace vida y experiencia cualquier evento cotidiano.<\/p>\n\n\n\n<p>Partiendo de lo anterior, <strong>Letra2 <\/strong>es una revista digital que ofrece un espacio abierto de expresi\u00f3n para los estudiantes, pero tambi\u00e9n para los profesores y los colaboradores <strong>semanistas, <\/strong>quienes de manera libre y espont\u00e1nea presentan perspectivas diversas para exponer sus realidades y sus formas particulares de asumir la vida desde la alegr\u00eda, la frustraci\u00f3n, el \u00e9xito, el fracaso, pero siempre con la certeza de que al escribir se est\u00e1 realizando no s\u00f3lo un ejercicio liberador, sino que la escritura genera claridad mental, creatividad, expresi\u00f3n personal, desarrollo de habilidades comunicativas, memoria, salud mental, conocimiento y autoconocimiento.<\/p>\n\n\n\n<p>Bienvenidos,<\/p>\n\n\n\n<p>Comit\u00e9 Editorial <strong>Letra2<\/strong><\/p>\n\n\n\n<p><\/p>\n\n\n\n<p><\/p>\n\n\n\n<h2 class=\"wp-block-heading\" id=\"samanes-en-sus-17-anos\"><\/h2>\n","protected":false},"excerpt":{"rendered":"<p>EDICI\u00d3N N\u00b0 1, La escritura y la lectura son actividades que traen grandes beneficios para el desarrollo personal, emocional y profesional. Leer es abrir una puerta hacia el avance en el pensamiento cr\u00edtico, pues al ser un lector activo se generan reflexiones y nuevos conocimientos que fortalecen las competencias en el an\u00e1lisis y la comprensi\u00f3n&#8230;<\/p>\n","protected":false},"author":1,"featured_media":0,"parent":0,"menu_order":0,"comment_status":"closed","ping_status":"closed","template":"","meta":{"_kad_post_transparent":"","_kad_post_title":"","_kad_post_layout":"","_kad_post_sidebar_id":"","_kad_post_content_style":"","_kad_post_vertical_padding":"","_kad_post_feature":"","_kad_post_feature_position":"","_kad_post_header":false,"_kad_post_footer":false,"footnotes":""},"class_list":["post-85","page","type-page","status-publish","hentry"],"_links":{"self":[{"href":"https:\/\/letra2.colegiolossamanes.edu.co\/index.php\/wp-json\/wp\/v2\/pages\/85","targetHints":{"allow":["GET"]}}],"collection":[{"href":"https:\/\/letra2.colegiolossamanes.edu.co\/index.php\/wp-json\/wp\/v2\/pages"}],"about":[{"href":"https:\/\/letra2.colegiolossamanes.edu.co\/index.php\/wp-json\/wp\/v2\/types\/page"}],"author":[{"embeddable":true,"href":"https:\/\/letra2.colegiolossamanes.edu.co\/index.php\/wp-json\/wp\/v2\/users\/1"}],"replies":[{"embeddable":true,"href":"https:\/\/letra2.colegiolossamanes.edu.co\/index.php\/wp-json\/wp\/v2\/comments?post=85"}],"version-history":[{"count":12,"href":"https:\/\/letra2.colegiolossamanes.edu.co\/index.php\/wp-json\/wp\/v2\/pages\/85\/revisions"}],"predecessor-version":[{"id":851,"href":"https:\/\/letra2.colegiolossamanes.edu.co\/index.php\/wp-json\/wp\/v2\/pages\/85\/revisions\/851"}],"wp:attachment":[{"href":"https:\/\/letra2.colegiolossamanes.edu.co\/index.php\/wp-json\/wp\/v2\/media?parent=85"}],"curies":[{"name":"wp","href":"https:\/\/api.w.org\/{rel}","templated":true}]}}