{"id":19,"date":"2022-02-11T16:32:32","date_gmt":"2022-02-11T16:32:32","guid":{"rendered":"http:\/\/letra2.colegiolossamanes.edu.co\/?page_id=19"},"modified":"2022-03-09T00:53:35","modified_gmt":"2022-03-09T00:53:35","slug":"revista-letra2-colegio-los-samanes","status":"publish","type":"page","link":"https:\/\/letra2.colegiolossamanes.edu.co\/","title":{"rendered":"Revista Letra2"},"content":{"rendered":"\n<div class=\"wp-block-group\"><div class=\"wp-block-group__inner-container is-layout-flow wp-block-group-is-layout-flow\"><\/div><\/div>\n\n\n\n<h3 class=\"has-text-align-left has-background wp-block-heading\" id=\"we-re-a-studio-in-berlin-with-an-international-practice-in-architecture-urban-planning-and-interior-design-we-believe-in-sharing-knowledge-and-promoting-dialogue-to-increase-the-creative-potential-of-collaboration\" style=\"background-color:#f0f5ff;font-size:28px;line-height:1.2\">Letra2\ud83d\udcdd como revista digital es un semillero de talentos. Su objetivo principal es promover la lectura y la escritura como un ejercicio subjetivo, argumentativo y liberador.&nbsp;<\/h3>\n\n\n\n<div style=\"height:30px\" aria-hidden=\"true\" class=\"wp-block-spacer\"><\/div>\n\n\n\n<div class=\"wp-block-columns is-layout-flex wp-container-core-columns-is-layout-9d6595d7 wp-block-columns-is-layout-flex\">\n<div class=\"wp-block-column has-theme-palette-6-color has-theme-palette-3-background-color has-text-color has-background is-layout-flow wp-block-column-is-layout-flow\">\n<div style=\"height:20px\" aria-hidden=\"true\" class=\"wp-block-spacer\"><\/div>\n\n\n\n<h2 class=\"has-text-align-center has-theme-palette-6-color has-text-color wp-block-heading\" id=\"conoce-nuestra-editorial\">\u2728Conoce nuestra editorial<\/h2>\n\n\n\n<div class=\"wp-block-buttons is-content-justification-center is-layout-flex wp-container-core-buttons-is-layout-16018d1d wp-block-buttons-is-layout-flex\">\n<div class=\"wp-block-button\"><a class=\"wp-block-button__link\" href=\"http:\/\/letra2.colegiolossamanes.edu.co\/index.php\/editorial-2022\/\">Leer editorial<\/a><\/div>\n<\/div>\n\n\n\n<div style=\"height:20px\" aria-hidden=\"true\" class=\"wp-block-spacer\"><\/div>\n<\/div>\n<\/div>\n\n\n\n<div style=\"height:19px\" aria-hidden=\"true\" class=\"wp-block-spacer\"><\/div>\n\n\n\n<div class=\"wp-block-columns is-layout-flex wp-container-core-columns-is-layout-9d6595d7 wp-block-columns-is-layout-flex\">\n<div class=\"wp-block-column is-layout-flow wp-block-column-is-layout-flow\">\n<figure class=\"wp-block-image size-full\"><img fetchpriority=\"high\" decoding=\"async\" width=\"370\" height=\"245\" src=\"http:\/\/letra2.colegiolossamanes.edu.co\/wp-content\/uploads\/2022\/02\/narramos-asi.png\" alt=\"\" class=\"wp-image-54\" srcset=\"https:\/\/letra2.colegiolossamanes.edu.co\/wp-content\/uploads\/2022\/02\/narramos-asi.png 370w, https:\/\/letra2.colegiolossamanes.edu.co\/wp-content\/uploads\/2022\/02\/narramos-asi-300x199.png 300w\" sizes=\"(max-width: 370px) 100vw, 370px\" \/><\/figure>\n\n\n\n<h2 class=\"wp-block-heading\" id=\"asi-narramos\">As\u00ed narramos<\/h2>\n\n\n\n<p>Inspirados en el g\u00e9nero narrativo, en esta secci\u00f3n se podr\u00e1n encontrar cuentos, novelas o relatos.<\/p>\n\n\n\n<div class=\"wp-block-buttons is-layout-flex wp-block-buttons-is-layout-flex\">\n<div class=\"wp-block-button\"><a class=\"wp-block-button__link\" href=\"http:\/\/letra2.colegiolossamanes.edu.co\/index.php\/category\/asi-narramos\/\">Ir a la secci\u00f3n<\/a><\/div>\n<\/div>\n\n\n\n<div style=\"height:30px\" aria-hidden=\"true\" class=\"wp-block-spacer\"><\/div>\n<\/div>\n\n\n\n<div class=\"wp-block-column is-layout-flow wp-block-column-is-layout-flow\">\n<figure class=\"wp-block-image size-full\"><img decoding=\"async\" width=\"370\" height=\"245\" src=\"http:\/\/letra2.colegiolossamanes.edu.co\/wp-content\/uploads\/2022\/02\/asi-sentimos.png\" alt=\"\" class=\"wp-image-57\" srcset=\"https:\/\/letra2.colegiolossamanes.edu.co\/wp-content\/uploads\/2022\/02\/asi-sentimos.png 370w, https:\/\/letra2.colegiolossamanes.edu.co\/wp-content\/uploads\/2022\/02\/asi-sentimos-300x199.png 300w\" sizes=\"(max-width: 370px) 100vw, 370px\" \/><\/figure>\n\n\n\n<h2 class=\"wp-block-heading\" id=\"asi-sentimos\">As\u00ed sentimos<\/h2>\n\n\n\n<p>El g\u00e9nero l\u00edrico ser\u00e1 el expuesto en este apartado. Poemas, poes\u00edas, pensamientos, ep\u00edgrafes, frases o proverbios.<\/p>\n\n\n\n<div class=\"wp-block-buttons is-layout-flex wp-block-buttons-is-layout-flex\">\n<div class=\"wp-block-button\"><a class=\"wp-block-button__link\" href=\"http:\/\/letra2.colegiolossamanes.edu.co\/index.php\/category\/asi-sentimos\/\">Ir a la secci\u00f3n<\/a><\/div>\n<\/div>\n\n\n\n<div style=\"height:30px\" aria-hidden=\"true\" class=\"wp-block-spacer\"><\/div>\n<\/div>\n\n\n\n<div class=\"wp-block-column is-layout-flow wp-block-column-is-layout-flow\">\n<figure class=\"wp-block-image size-full\"><img decoding=\"async\" width=\"370\" height=\"245\" src=\"http:\/\/letra2.colegiolossamanes.edu.co\/wp-content\/uploads\/2022\/02\/manifestamos-asi.png\" alt=\"\" class=\"wp-image-65\" srcset=\"https:\/\/letra2.colegiolossamanes.edu.co\/wp-content\/uploads\/2022\/02\/manifestamos-asi.png 370w, https:\/\/letra2.colegiolossamanes.edu.co\/wp-content\/uploads\/2022\/02\/manifestamos-asi-300x199.png 300w\" sizes=\"(max-width: 370px) 100vw, 370px\" \/><\/figure>\n\n\n\n<h2 class=\"wp-block-heading\" id=\"asi-manifestamos\">As\u00ed manifestamos<\/h2>\n\n\n\n<p>Secci\u00f3n informativa y cr\u00edtica. Textos expositivos, informativos, argumentativos, entrevistas, art\u00edculos y ensayos.<\/p>\n\n\n\n<div class=\"wp-block-buttons is-layout-flex wp-block-buttons-is-layout-flex\">\n<div class=\"wp-block-button\"><a class=\"wp-block-button__link\" href=\"http:\/\/letra2.colegiolossamanes.edu.co\/index.php\/category\/asi-manifestamos\/\">Ir a la secci\u00f3n<\/a><\/div>\n<\/div>\n\n\n\n<div style=\"height:30px\" aria-hidden=\"true\" class=\"wp-block-spacer\"><\/div>\n<\/div>\n<\/div>\n\n\n\n<div class=\"wp-block-columns is-layout-flex wp-container-core-columns-is-layout-9d6595d7 wp-block-columns-is-layout-flex\">\n<div class=\"wp-block-column is-layout-flow wp-block-column-is-layout-flow\">\n<figure class=\"wp-block-image size-full\"><img loading=\"lazy\" decoding=\"async\" width=\"370\" height=\"245\" src=\"http:\/\/letra2.colegiolossamanes.edu.co\/wp-content\/uploads\/2022\/02\/gestionamos-asi.png\" alt=\"\" class=\"wp-image-67\" srcset=\"https:\/\/letra2.colegiolossamanes.edu.co\/wp-content\/uploads\/2022\/02\/gestionamos-asi.png 370w, https:\/\/letra2.colegiolossamanes.edu.co\/wp-content\/uploads\/2022\/02\/gestionamos-asi-300x199.png 300w\" sizes=\"(max-width: 370px) 100vw, 370px\" \/><\/figure>\n\n\n\n<h2 class=\"wp-block-heading\" id=\"asi-gestionamos\">As\u00ed gestionamos<\/h2>\n\n\n\n<p>Textos de opini\u00f3n construidos por ex alumnos, profesores, coordinadores y directivos. Conoce sobre nuestra labor y nuestra comunidad educativa.<\/p>\n\n\n\n<div class=\"wp-block-buttons is-layout-flex wp-block-buttons-is-layout-flex\">\n<div class=\"wp-block-button\"><a class=\"wp-block-button__link\" href=\"http:\/\/letra2.colegiolossamanes.edu.co\/index.php\/category\/asi-gestionamos\/\">Ir a la secci\u00f3n<\/a><\/div>\n<\/div>\n\n\n\n<div style=\"height:30px\" aria-hidden=\"true\" class=\"wp-block-spacer\"><\/div>\n<\/div>\n\n\n\n<div class=\"wp-block-column is-layout-flow wp-block-column-is-layout-flow\">\n<figure class=\"wp-block-image size-full\"><img loading=\"lazy\" decoding=\"async\" width=\"370\" height=\"245\" src=\"http:\/\/letra2.colegiolossamanes.edu.co\/wp-content\/uploads\/2022\/02\/asi-ilustramos.png\" alt=\"\" class=\"wp-image-69\" srcset=\"https:\/\/letra2.colegiolossamanes.edu.co\/wp-content\/uploads\/2022\/02\/asi-ilustramos.png 370w, https:\/\/letra2.colegiolossamanes.edu.co\/wp-content\/uploads\/2022\/02\/asi-ilustramos-300x199.png 300w\" sizes=\"(max-width: 370px) 100vw, 370px\" \/><\/figure>\n\n\n\n<h2 class=\"wp-block-heading\" id=\"asi-ilustramos\">As\u00ed ilustramos<\/h2>\n\n\n\n<p>Las animaciones y lo abstracto ser\u00e1n la materia prima de esta secci\u00f3n, caricaturas, c\u00f3mics, historietas, cuentos dibujados, caligramas y juegos de palabras la nutrir\u00e1n.<\/p>\n\n\n\n<div class=\"wp-block-buttons is-layout-flex wp-block-buttons-is-layout-flex\">\n<div class=\"wp-block-button\"><a class=\"wp-block-button__link\" href=\"http:\/\/letra2.colegiolossamanes.edu.co\/index.php\/category\/asi-ilustramos\/\">Ir a la secci\u00f3n<\/a><\/div>\n<\/div>\n\n\n\n<div style=\"height:30px\" aria-hidden=\"true\" class=\"wp-block-spacer\"><\/div>\n<\/div>\n\n\n\n<div class=\"wp-block-column is-layout-flow wp-block-column-is-layout-flow\">\n<figure class=\"wp-block-image size-full\"><img loading=\"lazy\" decoding=\"async\" width=\"370\" height=\"245\" src=\"http:\/\/letra2.colegiolossamanes.edu.co\/wp-content\/uploads\/2022\/02\/rodamos-asi.png\" alt=\"\" class=\"wp-image-158\" srcset=\"https:\/\/letra2.colegiolossamanes.edu.co\/wp-content\/uploads\/2022\/02\/rodamos-asi.png 370w, https:\/\/letra2.colegiolossamanes.edu.co\/wp-content\/uploads\/2022\/02\/rodamos-asi-300x199.png 300w\" sizes=\"(max-width: 370px) 100vw, 370px\" \/><\/figure>\n\n\n\n<h2 class=\"wp-block-heading\" id=\"asi-rodamos\">As\u00ed rodamos<\/h2>\n\n\n\n<p>Los recursos audiovisuales, materiales digitales, referentes f\u00edlmicos, cortometrajes, piezas publicitarias, pancartas y videos cortos robustecen este apartado.<\/p>\n\n\n\n<div class=\"wp-block-buttons is-layout-flex wp-block-buttons-is-layout-flex\">\n<div class=\"wp-block-button\"><a class=\"wp-block-button__link\" href=\"http:\/\/letra2.colegiolossamanes.edu.co\/index.php\/category\/asi-rodamos\/\">Ir a la secci\u00f3n<\/a><\/div>\n<\/div>\n\n\n\n<div style=\"height:30px\" aria-hidden=\"true\" class=\"wp-block-spacer\"><\/div>\n<\/div>\n<\/div>\n\n\n\n<p><\/p>\n","protected":false},"excerpt":{"rendered":"<p>Letra2\ud83d\udcdd como revista digital es un semillero de talentos. Su objetivo principal es promover la lectura y la escritura como un ejercicio subjetivo, argumentativo y liberador.&nbsp; \u2728Conoce nuestra editorial As\u00ed narramos Inspirados en el g\u00e9nero narrativo, en esta secci\u00f3n se podr\u00e1n encontrar cuentos, novelas o relatos. As\u00ed sentimos El g\u00e9nero l\u00edrico ser\u00e1 el expuesto en&#8230;<\/p>\n","protected":false},"author":1,"featured_media":0,"parent":0,"menu_order":0,"comment_status":"closed","ping_status":"closed","template":"","meta":{"_kad_post_transparent":"","_kad_post_title":"","_kad_post_layout":"","_kad_post_sidebar_id":"","_kad_post_content_style":"","_kad_post_vertical_padding":"","_kad_post_feature":"","_kad_post_feature_position":"","_kad_post_header":false,"_kad_post_footer":false,"footnotes":""},"class_list":["post-19","page","type-page","status-publish","hentry"],"_links":{"self":[{"href":"https:\/\/letra2.colegiolossamanes.edu.co\/index.php\/wp-json\/wp\/v2\/pages\/19","targetHints":{"allow":["GET"]}}],"collection":[{"href":"https:\/\/letra2.colegiolossamanes.edu.co\/index.php\/wp-json\/wp\/v2\/pages"}],"about":[{"href":"https:\/\/letra2.colegiolossamanes.edu.co\/index.php\/wp-json\/wp\/v2\/types\/page"}],"author":[{"embeddable":true,"href":"https:\/\/letra2.colegiolossamanes.edu.co\/index.php\/wp-json\/wp\/v2\/users\/1"}],"replies":[{"embeddable":true,"href":"https:\/\/letra2.colegiolossamanes.edu.co\/index.php\/wp-json\/wp\/v2\/comments?post=19"}],"version-history":[{"count":68,"href":"https:\/\/letra2.colegiolossamanes.edu.co\/index.php\/wp-json\/wp\/v2\/pages\/19\/revisions"}],"predecessor-version":[{"id":849,"href":"https:\/\/letra2.colegiolossamanes.edu.co\/index.php\/wp-json\/wp\/v2\/pages\/19\/revisions\/849"}],"wp:attachment":[{"href":"https:\/\/letra2.colegiolossamanes.edu.co\/index.php\/wp-json\/wp\/v2\/media?parent=19"}],"curies":[{"name":"wp","href":"https:\/\/api.w.org\/{rel}","templated":true}]}}